{"id":21,"date":"2018-07-11T00:59:23","date_gmt":"2018-07-11T00:59:23","guid":{"rendered":"https:\/\/bateriasja.com.br\/?page_id=21"},"modified":"2018-07-31T19:40:40","modified_gmt":"2018-07-31T19:40:40","slug":"lojas","status":"publish","type":"page","link":"https:\/\/bateriasja.com.br\/?page_id=21","title":{"rendered":"Lojas"},"content":{"rendered":"<p>Com lojas em Indaiatuba e Salto, a Baterias J\u00e1 tem o orgulho de atender seus clientes com instala\u00e7\u00f5es modernas.<\/p>\n<p><em><strong>\u2981 Loja 1 Indaiatuba\u00a0<\/strong><\/em><br \/>\nAv. Concei\u00e7\u00e3o, 1338 \u2013 Vila Maria Helena, Indaiatuba \u2013 SP, 13335-410<br \/>\n(19) 99997-4474 (Whatsapp)<br \/>\n(19) 3894-4474<\/p>\n<p><img loading=\"lazy\" class=\"alignnone wp-image-679\" src=\"https:\/\/bateriasja.com.br\/wp-content\/uploads\/2018\/07\/indaia12.jpg\" alt=\"\" width=\"600\" height=\"680\" srcset=\"https:\/\/bateriasja.com.br\/wp-content\/uploads\/2018\/07\/indaia12.jpg 847w, https:\/\/bateriasja.com.br\/wp-content\/uploads\/2018\/07\/indaia12-265x300.jpg 265w, https:\/\/bateriasja.com.br\/wp-content\/uploads\/2018\/07\/indaia12-768x870.jpg 768w\" sizes=\"(max-width: 600px) 100vw, 600px\" \/><\/p>\n<p><em><strong>\u2981 Loja 2 Salto<br \/>\n<\/strong><\/em>R. Mal. Deodoro da Fonseca, 1134 \u2013 Vila Nova, Salto \u2013 SP, 13320-140<br \/>\n(11) 97099-6474 (Whatsapp)<br \/>\n(11) 4456-6474<\/p>\n<p><img loading=\"lazy\" class=\"alignnone wp-image-681\" src=\"https:\/\/bateriasja.com.br\/wp-content\/uploads\/2018\/07\/saltonova.jpg\" alt=\"\" width=\"600\" height=\"800\" srcset=\"https:\/\/bateriasja.com.br\/wp-content\/uploads\/2018\/07\/saltonova.jpg 774w, https:\/\/bateriasja.com.br\/wp-content\/uploads\/2018\/07\/saltonova-225x300.jpg 225w, https:\/\/bateriasja.com.br\/wp-content\/uploads\/2018\/07\/saltonova-768x1024.jpg 768w\" sizes=\"(max-width: 600px) 100vw, 600px\" \/><br \/>\nR. Mal. Deodoro da Fonseca, 1134 \u2013 Vila Nova, Salto \u2013 SP, 13320-140<\/p>\n","protected":false},"excerpt":{"rendered":"<p>Com lojas em Indaiatuba e Salto, a Baterias J\u00e1 tem o orgulho de atender seus clientes com instala\u00e7\u00f5es modernas. \u2981<\/p>\n","protected":false},"author":1,"featured_media":0,"parent":0,"menu_order":0,"comment_status":"closed","ping_status":"closed","template":"","meta":[],"_links":{"self":[{"href":"https:\/\/bateriasja.com.br\/index.php?rest_route=\/wp\/v2\/pages\/21"}],"collection":[{"href":"https:\/\/bateriasja.com.br\/index.php?rest_route=\/wp\/v2\/pages"}],"about":[{"href":"https:\/\/bateriasja.com.br\/index.php?rest_route=\/wp\/v2\/types\/page"}],"author":[{"embeddable":true,"href":"https:\/\/bateriasja.com.br\/index.php?rest_route=\/wp\/v2\/users\/1"}],"replies":[{"embeddable":true,"href":"https:\/\/bateriasja.com.br\/index.php?rest_route=%2Fwp%2Fv2%2Fcomments&post=21"}],"version-history":[{"count":15,"href":"https:\/\/bateriasja.com.br\/index.php?rest_route=\/wp\/v2\/pages\/21\/revisions"}],"predecessor-version":[{"id":682,"href":"https:\/\/bateriasja.com.br\/index.php?rest_route=\/wp\/v2\/pages\/21\/revisions\/682"}],"wp:attachment":[{"href":"https:\/\/bateriasja.com.br\/index.php?rest_route=%2Fwp%2Fv2%2Fmedia&parent=21"}],"curies":[{"name":"wp","href":"https:\/\/api.w.org\/{rel}","templated":true}]}}