{"id":17,"date":"2018-07-11T00:53:04","date_gmt":"2018-07-11T00:53:04","guid":{"rendered":"https:\/\/bateriasja.com.br\/?page_id=17"},"modified":"2018-07-30T16:23:23","modified_gmt":"2018-07-30T16:23:23","slug":"produtos-e-servicos","status":"publish","type":"page","link":"https:\/\/bateriasja.com.br\/?page_id=17","title":{"rendered":"Produtos e Servi\u00e7os"},"content":{"rendered":"<p><strong>BATERIAS: <\/strong>Trabalhamos com os maiores fabricantes de baterias do Brasil.<\/p>\n<p><img loading=\"lazy\" class=\"alignnone wp-image-529 size-full\" src=\"https:\/\/bateriasja.com.br\/wp-content\/uploads\/2018\/07\/fotos-melhores-marcas.jpg\" alt=\"\" width=\"600\" height=\"500\" srcset=\"https:\/\/bateriasja.com.br\/wp-content\/uploads\/2018\/07\/fotos-melhores-marcas.jpg 600w, https:\/\/bateriasja.com.br\/wp-content\/uploads\/2018\/07\/fotos-melhores-marcas-300x250.jpg 300w\" sizes=\"(max-width: 600px) 100vw, 600px\" \/><\/p>\n<p><em><strong>BATERIAS PARA CARROS<\/strong><\/em><br \/>\n<em>Carros | Picapes | Station Wagons | SUVs<\/em><br \/>\n<strong>BATERIAS PARA CAMINH\u00d5ES<\/strong><br \/>\n<em>Caminh\u00f5es | VUC | Toco | Truck<\/em><br \/>\n<strong>BATERIAS PARA \u00d4NIBUS<\/strong><br \/>\n<em>\u00d4nibus | Micro-\u00f4nibus | Tratores | M\u00e1quinas agr\u00edcolas | Empilhadeiras a diesel<\/em><br \/>\n<strong>BATERIAS PARA MOTOS<\/strong><br \/>\n<em>Motos | Scooters | Quadriciclos | Jetski<\/em><br \/>\n<strong>BATERIAS ESTACION\u00c1RIAS<\/strong><br \/>\n<em>Esta\u00e7\u00e3o central de telecomunica\u00e7\u00e3o | Equipamentos m\u00e9dico-hospitalares | Caixas eletr\u00f4nicos 24h | Caixas de lojas e supermercados<\/em><br \/>\n<strong>Baterias Nauticas<\/strong><br \/>\n<em>Embarca\u00e7\u00f5es | Barcos | Lanchas<\/em><\/p>\n<p><strong>AUTO SOCORRO: <\/strong>O carro n\u00e3o liga ?? est\u00e1 no tr\u00e2nsito e a bateria pifou ??? entre em contato e vamos te ajudar.<\/p>\n<p><img loading=\"lazy\" class=\"alignnone size-full wp-image-399\" src=\"https:\/\/bateriasja.com.br\/wp-content\/uploads\/2018\/07\/1.jpg\" alt=\"\" width=\"600\" height=\"500\" srcset=\"https:\/\/bateriasja.com.br\/wp-content\/uploads\/2018\/07\/1.jpg 600w, https:\/\/bateriasja.com.br\/wp-content\/uploads\/2018\/07\/1-300x250.jpg 300w\" sizes=\"(max-width: 600px) 100vw, 600px\" \/><\/p>\n<p><img loading=\"lazy\" class=\"alignnone wp-image-635 size-full\" src=\"https:\/\/bateriasja.com.br\/wp-content\/uploads\/2018\/07\/salto-ligur.jpg\" alt=\"\" width=\"600\" height=\"500\" srcset=\"https:\/\/bateriasja.com.br\/wp-content\/uploads\/2018\/07\/salto-ligur.jpg 600w, https:\/\/bateriasja.com.br\/wp-content\/uploads\/2018\/07\/salto-ligur-300x250.jpg 300w\" sizes=\"(max-width: 600px) 100vw, 600px\" \/><\/p>\n<p><strong>EQUIPAMENTOS:\u00a0<\/strong>De \u00faltima gera\u00e7\u00e3o<\/p>\n<p><img loading=\"lazy\" class=\"alignnone size-full wp-image-388\" src=\"https:\/\/bateriasja.com.br\/wp-content\/uploads\/2018\/07\/4.jpg\" alt=\"\" width=\"600\" height=\"500\" srcset=\"https:\/\/bateriasja.com.br\/wp-content\/uploads\/2018\/07\/4.jpg 600w, https:\/\/bateriasja.com.br\/wp-content\/uploads\/2018\/07\/4-300x250.jpg 300w\" sizes=\"(max-width: 600px) 100vw, 600px\" \/><\/p>\n<p>&nbsp;<\/p>\n","protected":false},"excerpt":{"rendered":"<p>BATERIAS: Trabalhamos com os maiores fabricantes de baterias do Brasil. BATERIAS PARA CARROS Carros | Picapes | Station Wagons |<\/p>\n","protected":false},"author":1,"featured_media":0,"parent":0,"menu_order":0,"comment_status":"closed","ping_status":"closed","template":"","meta":[],"_links":{"self":[{"href":"https:\/\/bateriasja.com.br\/index.php?rest_route=\/wp\/v2\/pages\/17"}],"collection":[{"href":"https:\/\/bateriasja.com.br\/index.php?rest_route=\/wp\/v2\/pages"}],"about":[{"href":"https:\/\/bateriasja.com.br\/index.php?rest_route=\/wp\/v2\/types\/page"}],"author":[{"embeddable":true,"href":"https:\/\/bateriasja.com.br\/index.php?rest_route=\/wp\/v2\/users\/1"}],"replies":[{"embeddable":true,"href":"https:\/\/bateriasja.com.br\/index.php?rest_route=%2Fwp%2Fv2%2Fcomments&post=17"}],"version-history":[{"count":23,"href":"https:\/\/bateriasja.com.br\/index.php?rest_route=\/wp\/v2\/pages\/17\/revisions"}],"predecessor-version":[{"id":636,"href":"https:\/\/bateriasja.com.br\/index.php?rest_route=\/wp\/v2\/pages\/17\/revisions\/636"}],"wp:attachment":[{"href":"https:\/\/bateriasja.com.br\/index.php?rest_route=%2Fwp%2Fv2%2Fmedia&parent=17"}],"curies":[{"name":"wp","href":"https:\/\/api.w.org\/{rel}","templated":true}]}}